{"id":14,"date":"2024-10-22T15:14:56","date_gmt":"2024-10-22T18:14:56","guid":{"rendered":"https:\/\/pousada2.jetninjapro.com\/minha-conta\/"},"modified":"2026-03-07T12:18:02","modified_gmt":"2026-03-07T15:18:02","slug":"minha-conta","status":"publish","type":"page","link":"https:\/\/reservaboat.com.br\/en\/minha-conta\/","title":{"rendered":"Minha conta"},"content":{"rendered":"<div data-elementor-type=\"wp-page\" data-elementor-id=\"14\" class=\"elementor elementor-14\" data-elementor-post-type=\"page\">\n\t\t\t\t<div class=\"elementor-element elementor-element-99f0a8f e-flex e-con-boxed e-con e-parent\" data-id=\"99f0a8f\" data-element_type=\"container\" data-e-type=\"container\">\n\t\t\t\t\t<div class=\"e-con-inner\">\n\t\t\t\t<div class=\"elementor-element elementor-element-a450ffe e-my-account-tabs-vertical elementor-widget elementor-widget-woocommerce-my-account\" data-id=\"a450ffe\" data-element_type=\"widget\" data-e-type=\"widget\" data-widget_type=\"woocommerce-my-account.default\">\n\t\t\t\t<div class=\"elementor-widget-container\">\n\t\t\t\t\t<div class=\"e-my-account-tab e-my-account-tab__\">\t\t\t<div class=\"woocommerce\"><\/div>\t\t<\/div>\n\t\t\t\t\t\t<\/div>\n\t\t\t\t<\/div>\n\t\t\t\t\t<\/div>\n\t\t\t\t<\/div>\n\t\t\t\t<\/div>","protected":false},"excerpt":{"rendered":"<p>\u00c1REA DO CLIENTE Painel de Controle Pedidos Endere\u00e7os M\u00e9todos de pagamento Detalhes da conta Reservas Bookings Sair Ol\u00e1, ReservaBoat (n\u00e3o \u00e9 ReservaBoat? Sair) A partir do painel de controle de sua conta, voc\u00ea pode ver suas compras recentes, gerenciar seus endere\u00e7os de entrega e cobran\u00e7a, e editar sua senha e detalhes da conta.<\/p>","protected":false},"author":15,"featured_media":0,"parent":0,"menu_order":0,"comment_status":"closed","ping_status":"closed","template":"elementor_header_footer","meta":{"footnotes":""},"class_list":["post-14","page","type-page","status-publish","hentry"],"_links":{"self":[{"href":"https:\/\/reservaboat.com.br\/en\/wp-json\/wp\/v2\/pages\/14","targetHints":{"allow":["GET"]}}],"collection":[{"href":"https:\/\/reservaboat.com.br\/en\/wp-json\/wp\/v2\/pages"}],"about":[{"href":"https:\/\/reservaboat.com.br\/en\/wp-json\/wp\/v2\/types\/page"}],"author":[{"embeddable":true,"href":"https:\/\/reservaboat.com.br\/en\/wp-json\/wp\/v2\/users\/15"}],"replies":[{"embeddable":true,"href":"https:\/\/reservaboat.com.br\/en\/wp-json\/wp\/v2\/comments?post=14"}],"version-history":[{"count":18,"href":"https:\/\/reservaboat.com.br\/en\/wp-json\/wp\/v2\/pages\/14\/revisions"}],"predecessor-version":[{"id":393,"href":"https:\/\/reservaboat.com.br\/en\/wp-json\/wp\/v2\/pages\/14\/revisions\/393"}],"wp:attachment":[{"href":"https:\/\/reservaboat.com.br\/en\/wp-json\/wp\/v2\/media?parent=14"}],"curies":[{"name":"wp","href":"https:\/\/api.w.org\/{rel}","templated":true}]}}