{"id":32,"date":"2024-10-23T11:26:40","date_gmt":"2024-10-23T14:26:40","guid":{"rendered":"https:\/\/pousada2.jetninjapro.com\/?post_type=product&#038;p=32"},"modified":"2026-03-06T18:07:43","modified_gmt":"2026-03-06T21:07:43","slug":"escuna-passeio-floripa","status":"publish","type":"product","link":"https:\/\/reservaboat.com.br\/en\/product\/escuna-passeio-floripa\/","title":{"rendered":"Escuna Passeio Floripa"},"content":{"rendered":"<p><\/p>\r\n<p data-start=\"0\" data-end=\"433\">A <strong data-start=\"2\" data-end=\"29\">Escuna Para\u00edso Tropical<\/strong> oferece um passeio encantador pelo mar, cercado por paisagens naturais exuberantes e uma atmosfera tranquila e relaxante. Ideal para quem deseja desacelerar e aproveitar a beleza do litoral, a embarca\u00e7\u00e3o proporciona uma experi\u00eancia agrad\u00e1vel enquanto navega entre ilhas, praias e \u00e1guas cristalinas. O amplo deck \u00e9 perfeito para apreciar a vista, sentir a brisa do mar e registrar momentos inesquec\u00edveis.<\/p>\r\n<p data-start=\"435\" data-end=\"785\">Com um espa\u00e7o generoso para circula\u00e7\u00e3o, a escuna conta com \u00e1reas abertas para contempla\u00e7\u00e3o da paisagem e espa\u00e7os cobertos que garantem conforto durante todo o trajeto. O ambiente combina o charme r\u00fastico das tradicionais embarca\u00e7\u00f5es de passeio com toques de modernidade, criando um clima acolhedor e ideal para relaxar enquanto o mar conduz a viagem.<\/p>\r\n<p data-start=\"787\" data-end=\"1068\">A bordo, os passageiros encontram assentos confort\u00e1veis, sistema de som ambiente e estrutura preparada para tornar o passeio ainda mais agrad\u00e1vel. A embarca\u00e7\u00e3o tamb\u00e9m possui banheiro a bordo e \u00e1reas pensadas para que todos possam aproveitar o passeio com seguran\u00e7a e tranquilidade.<\/p>\r\n<p data-start=\"1070\" data-end=\"1323\" data-is-last-node=\"\" data-is-only-node=\"\">Perfeita para passeios em grupo, encontros com amigos ou momentos especiais em fam\u00edlia, a <strong data-start=\"1160\" data-end=\"1187\">Escuna Para\u00edso Tropical<\/strong> transforma um simples passeio de barco em uma experi\u00eancia inesquec\u00edvel, unindo natureza, conforto e a liberdade de explorar o mar. \ud83c\udf0a\u26f5\u2728<\/p>\r\n<p><\/p>","protected":false},"excerpt":{"rendered":"<p>Perfeita para quem deseja uma vista panor\u00e2mica do mar, com varanda privativa e hidromassagem.<\/p>","protected":false},"featured_media":314,"comment_status":"open","ping_status":"closed","template":"","meta":[],"product_brand":[],"product_cat":[15],"product_tag":[],"class_list":{"0":"post-32","1":"product","2":"type-product","3":"status-publish","4":"has-post-thumbnail","6":"product_cat-embarcacoes","8":"first","9":"instock","10":"virtual","11":"sold-individually","12":"purchasable","13":"product-type-jet_booking"},"_links":{"self":[{"href":"https:\/\/reservaboat.com.br\/en\/wp-json\/wp\/v2\/product\/32","targetHints":{"allow":["GET"]}}],"collection":[{"href":"https:\/\/reservaboat.com.br\/en\/wp-json\/wp\/v2\/product"}],"about":[{"href":"https:\/\/reservaboat.com.br\/en\/wp-json\/wp\/v2\/types\/product"}],"replies":[{"embeddable":true,"href":"https:\/\/reservaboat.com.br\/en\/wp-json\/wp\/v2\/comments?post=32"}],"wp:featuredmedia":[{"embeddable":true,"href":"https:\/\/reservaboat.com.br\/en\/wp-json\/wp\/v2\/media\/314"}],"wp:attachment":[{"href":"https:\/\/reservaboat.com.br\/en\/wp-json\/wp\/v2\/media?parent=32"}],"wp:term":[{"taxonomy":"product_brand","embeddable":true,"href":"https:\/\/reservaboat.com.br\/en\/wp-json\/wp\/v2\/product_brand?post=32"},{"taxonomy":"product_cat","embeddable":true,"href":"https:\/\/reservaboat.com.br\/en\/wp-json\/wp\/v2\/product_cat?post=32"},{"taxonomy":"product_tag","embeddable":true,"href":"https:\/\/reservaboat.com.br\/en\/wp-json\/wp\/v2\/product_tag?post=32"}],"curies":[{"name":"wp","href":"https:\/\/api.w.org\/{rel}","templated":true}]}}