{"id":33,"date":"2024-10-23T11:28:21","date_gmt":"2024-10-23T14:28:21","guid":{"rendered":"https:\/\/pousada2.jetninjapro.com\/?post_type=product&#038;p=33"},"modified":"2026-03-06T18:07:32","modified_gmt":"2026-03-06T21:07:32","slug":"lancha-premium-dourada","status":"publish","type":"product","link":"https:\/\/reservaboat.com.br\/en\/product\/lancha-premium-dourada\/","title":{"rendered":"Lancha Premium Praia Dourada"},"content":{"rendered":"<p><\/p>\r\n<p><\/p>\r\n<p data-start=\"0\" data-end=\"334\">A <strong data-start=\"2\" data-end=\"34\">Lancha Premium Praia Dourada<\/strong> \u00e9 a escolha perfeita para quem deseja viver momentos inesquec\u00edveis no mar com conforto, estilo e exclusividade. Projetada para proporcionar uma experi\u00eancia sofisticada, ela combina design moderno, acabamento de alto padr\u00e3o e um ambiente acolhedor para aproveitar cada instante navegando pelas \u00e1guas.<\/p>\r\n<p data-start=\"336\" data-end=\"721\">Com amplo espa\u00e7o para relaxar e apreciar a paisagem, a lancha conta com estofados confort\u00e1veis, \u00e1rea externa para banho de sol e uma \u00e1rea coberta ideal para descansar enquanto aprecia a vista do horizonte. O design elegante, com detalhes refinados e materiais de alta qualidade, cria um ambiente perfeito para passeios rom\u00e2nticos, encontros com amigos ou momentos especiais em fam\u00edlia.<\/p>\r\n<p data-start=\"723\" data-end=\"1047\">A bordo, voc\u00ea encontra um espa\u00e7o interno aconchegante, banheiro moderno, sistema de som de alta qualidade e \u00e1reas planejadas para garantir conforto durante todo o passeio. A lancha tamb\u00e9m possui compartimentos para bebidas, assentos ergon\u00f4micos e estrutura pensada para oferecer seguran\u00e7a e estabilidade durante a navega\u00e7\u00e3o.<\/p>\r\n<p data-start=\"1049\" data-end=\"1353\" data-is-last-node=\"\" data-is-only-node=\"\">Para completar a experi\u00eancia, a <strong data-start=\"1081\" data-end=\"1113\">Lancha Premium Praia Dourada<\/strong> oferece tudo que voc\u00ea precisa para um passeio exclusivo: conforto, sofistica\u00e7\u00e3o e liberdade para explorar o mar com tranquilidade. Uma experi\u00eancia \u00fanica para quem quer transformar um simples passeio em um momento realmente memor\u00e1vel. \ud83c\udf0a\ud83d\udea4\u2728<\/p>\r\n<p><\/p>\r\n<p><\/p>","protected":false},"excerpt":{"rendered":"<p>Perfeito para quem quer privacidade e mais mobilidade.<\/p>","protected":false},"featured_media":313,"comment_status":"open","ping_status":"closed","template":"","meta":[],"product_brand":[],"product_cat":[15],"product_tag":[],"class_list":{"0":"post-33","1":"product","2":"type-product","3":"status-publish","4":"has-post-thumbnail","6":"product_cat-embarcacoes","8":"first","9":"instock","10":"virtual","11":"sold-individually","12":"purchasable","13":"product-type-jet_booking"},"_links":{"self":[{"href":"https:\/\/reservaboat.com.br\/en\/wp-json\/wp\/v2\/product\/33","targetHints":{"allow":["GET"]}}],"collection":[{"href":"https:\/\/reservaboat.com.br\/en\/wp-json\/wp\/v2\/product"}],"about":[{"href":"https:\/\/reservaboat.com.br\/en\/wp-json\/wp\/v2\/types\/product"}],"replies":[{"embeddable":true,"href":"https:\/\/reservaboat.com.br\/en\/wp-json\/wp\/v2\/comments?post=33"}],"wp:featuredmedia":[{"embeddable":true,"href":"https:\/\/reservaboat.com.br\/en\/wp-json\/wp\/v2\/media\/313"}],"wp:attachment":[{"href":"https:\/\/reservaboat.com.br\/en\/wp-json\/wp\/v2\/media?parent=33"}],"wp:term":[{"taxonomy":"product_brand","embeddable":true,"href":"https:\/\/reservaboat.com.br\/en\/wp-json\/wp\/v2\/product_brand?post=33"},{"taxonomy":"product_cat","embeddable":true,"href":"https:\/\/reservaboat.com.br\/en\/wp-json\/wp\/v2\/product_cat?post=33"},{"taxonomy":"product_tag","embeddable":true,"href":"https:\/\/reservaboat.com.br\/en\/wp-json\/wp\/v2\/product_tag?post=33"}],"curies":[{"name":"wp","href":"https:\/\/api.w.org\/{rel}","templated":true}]}}